{"id":148,"date":"2021-05-10T20:00:07","date_gmt":"2021-05-10T20:00:07","guid":{"rendered":"http:\/\/certsoares.com.br\/?page_id=148"},"modified":"2021-07-28T18:55:15","modified_gmt":"2021-07-28T18:55:15","slug":"certificado-digital-pj-nf-e","status":"publish","type":"page","link":"https:\/\/certsoares.com.br\/?page_id=148","title":{"rendered":"NF-e"},"content":{"rendered":"\t\t<div data-elementor-type=\"wp-page\" data-elementor-id=\"148\" class=\"elementor elementor-148\" data-elementor-post-type=\"page\">\n\t\t\t\t\t\t<section class=\"elementor-section elementor-top-section elementor-element elementor-element-d6cad33 elementor-section-boxed elementor-section-height-default elementor-section-height-default wpr-particle-no wpr-jarallax-no wpr-parallax-no wpr-sticky-section-no\" data-id=\"d6cad33\" data-element_type=\"section\" data-e-type=\"section\">\n\t\t\t\t\t\t<div class=\"elementor-container elementor-column-gap-default\">\n\t\t\t\t\t<div class=\"elementor-column elementor-col-100 elementor-top-column elementor-element elementor-element-8c4969f\" data-id=\"8c4969f\" data-element_type=\"column\" data-e-type=\"column\">\n\t\t\t<div class=\"elementor-widget-wrap elementor-element-populated\">\n\t\t\t\t\t\t<div class=\"elementor-element elementor-element-efc6bb6 elementor-invisible elementor-widget elementor-widget-text-editor\" data-id=\"efc6bb6\" data-element_type=\"widget\" data-e-type=\"widget\" data-settings=\"{&quot;_animation&quot;:&quot;fadeInUp&quot;}\" data-widget_type=\"text-editor.default\">\n\t\t\t\t<div class=\"elementor-widget-container\">\n\t\t\t\t\t\t\t\t\tCertificado Digital ( Pessoa Jur\u00eddica )<br>\nPJ NF-e\t\t\t\t\t\t\t\t<\/div>\n\t\t\t\t<\/div>\n\t\t\t\t\t<\/div>\n\t\t<\/div>\n\t\t\t\t\t<\/div>\n\t\t<\/section>\n\t\t\t\t<section class=\"elementor-section elementor-top-section elementor-element elementor-element-2c00a46 elementor-section-boxed elementor-section-height-default elementor-section-height-default wpr-particle-no wpr-jarallax-no wpr-parallax-no wpr-sticky-section-no\" data-id=\"2c00a46\" data-element_type=\"section\" data-e-type=\"section\">\n\t\t\t\t\t\t<div class=\"elementor-container elementor-column-gap-default\">\n\t\t\t\t\t<div class=\"elementor-column elementor-col-50 elementor-top-column elementor-element elementor-element-113f144\" data-id=\"113f144\" data-element_type=\"column\" data-e-type=\"column\">\n\t\t\t<div class=\"elementor-widget-wrap elementor-element-populated\">\n\t\t\t\t\t\t<div class=\"elementor-element elementor-element-0ef7398 elementor-invisible elementor-widget elementor-widget-text-editor\" data-id=\"0ef7398\" data-element_type=\"widget\" data-e-type=\"widget\" data-settings=\"{&quot;_animation&quot;:&quot;fadeInUp&quot;}\" data-widget_type=\"text-editor.default\">\n\t\t\t\t<div class=\"elementor-widget-container\">\n\t\t\t\t\t\t\t\t\tO PJ NF-e \u00e9 o Certificado Digital ICP-Brasil indicado para empresas que necessitam assinar\ndigitalmente documentos fiscais eletr\u00f4nicos, tais como notas fiscais e conhecimentos de\ntransporte. Sua principal caracter\u00edstica \u00e9 a possibilidade de restringir seu uso apenas para a\nemiss\u00e3o destes documentos fiscais eletr\u00f4nicos, inibindo acesso a qualquer outro sistema, como\no da Receita Federal do Brasil, por exemplo. Para implementar esta restri\u00e7\u00e3o basta atribuir a\nresponsabilidade pelo uso do certificado para pessoa distinta da indicada como representante\nlegal da empresa perante a RFB.\n\t\t\t\t\t\t\t\t<\/div>\n\t\t\t\t<\/div>\n\t\t\t\t\t<\/div>\n\t\t<\/div>\n\t\t\t\t<div class=\"elementor-column elementor-col-50 elementor-top-column elementor-element elementor-element-ecbad14\" data-id=\"ecbad14\" data-element_type=\"column\" data-e-type=\"column\">\n\t\t\t<div class=\"elementor-widget-wrap elementor-element-populated\">\n\t\t\t\t\t\t<div class=\"elementor-element elementor-element-e4b0ad9 elementor-widget elementor-widget-image\" data-id=\"e4b0ad9\" data-element_type=\"widget\" data-e-type=\"widget\" data-widget_type=\"image.default\">\n\t\t\t\t<div class=\"elementor-widget-container\">\n\t\t\t\t\t\t\t\t\t\t\t\t\t\t\t<img decoding=\"async\" width=\"200\" height=\"200\" src=\"https:\/\/certsoares.com.br\/wp-content\/uploads\/2021\/05\/111.jpg\" class=\"attachment-large size-large wp-image-363\" alt=\"\" srcset=\"https:\/\/certsoares.com.br\/wp-content\/uploads\/2021\/05\/111.jpg 200w, https:\/\/certsoares.com.br\/wp-content\/uploads\/2021\/05\/111-150x150.jpg 150w\" sizes=\"(max-width: 200px) 100vw, 200px\" \/>\t\t\t\t\t\t\t\t\t\t\t\t\t\t\t<\/div>\n\t\t\t\t<\/div>\n\t\t\t\t\t<\/div>\n\t\t<\/div>\n\t\t\t\t\t<\/div>\n\t\t<\/section>\n\t\t\t\t<section class=\"elementor-section elementor-top-section elementor-element elementor-element-5c4582d elementor-section-boxed elementor-section-height-default elementor-section-height-default wpr-particle-no wpr-jarallax-no wpr-parallax-no wpr-sticky-section-no\" data-id=\"5c4582d\" data-element_type=\"section\" data-e-type=\"section\">\n\t\t\t\t\t\t<div class=\"elementor-container elementor-column-gap-default\">\n\t\t\t\t\t<div class=\"elementor-column elementor-col-100 elementor-top-column elementor-element elementor-element-8a5bb97\" data-id=\"8a5bb97\" data-element_type=\"column\" data-e-type=\"column\">\n\t\t\t<div class=\"elementor-widget-wrap elementor-element-populated\">\n\t\t\t\t\t\t<div class=\"elementor-element elementor-element-855f9ca elementor-widget elementor-widget-text-editor\" data-id=\"855f9ca\" data-element_type=\"widget\" data-e-type=\"widget\" data-widget_type=\"text-editor.default\">\n\t\t\t\t<div class=\"elementor-widget-container\">\n\t\t\t\t\t\t\t\t\t<p><strong>NF-e<\/strong><\/p>\t\t\t\t\t\t\t\t<\/div>\n\t\t\t\t<\/div>\n\t\t\t\t<section class=\"elementor-section elementor-inner-section elementor-element elementor-element-d95ad7a elementor-section-boxed elementor-section-height-default elementor-section-height-default wpr-particle-no wpr-jarallax-no wpr-parallax-no wpr-sticky-section-no\" data-id=\"d95ad7a\" data-element_type=\"section\" data-e-type=\"section\">\n\t\t\t\t\t\t<div class=\"elementor-container elementor-column-gap-default\">\n\t\t\t\t\t<div class=\"elementor-column elementor-col-25 elementor-inner-column elementor-element elementor-element-981ac98\" data-id=\"981ac98\" data-element_type=\"column\" data-e-type=\"column\">\n\t\t\t<div class=\"elementor-widget-wrap elementor-element-populated\">\n\t\t\t\t\t\t<div class=\"elementor-element elementor-element-6a7ad65 elementor-widget elementor-widget-image\" data-id=\"6a7ad65\" data-element_type=\"widget\" data-e-type=\"widget\" data-widget_type=\"image.default\">\n\t\t\t\t<div class=\"elementor-widget-container\">\n\t\t\t\t\t\t\t\t\t\t\t\t<figure class=\"wp-caption\">\n\t\t\t\t\t\t\t\t\t\t<img fetchpriority=\"high\" decoding=\"async\" width=\"262\" height=\"192\" src=\"https:\/\/certsoares.com.br\/wp-content\/uploads\/2021\/07\/A1.png\" class=\"attachment-large size-large wp-image-438\" alt=\"\" \/>\t\t\t\t\t\t\t\t\t\t\t<figcaption class=\"widget-image-caption wp-caption-text\">A1 - Arquivo <br> Validade 1 ano<\/figcaption>\n\t\t\t\t\t\t\t\t\t\t<\/figure>\n\t\t\t\t\t\t\t\t\t<\/div>\n\t\t\t\t<\/div>\n\t\t\t\t\t<\/div>\n\t\t<\/div>\n\t\t\t\t<div class=\"elementor-column elementor-col-25 elementor-inner-column elementor-element elementor-element-5099854\" data-id=\"5099854\" data-element_type=\"column\" data-e-type=\"column\">\n\t\t\t<div class=\"elementor-widget-wrap elementor-element-populated\">\n\t\t\t\t\t\t<div class=\"elementor-element elementor-element-37ab681 elementor-widget elementor-widget-image\" data-id=\"37ab681\" data-element_type=\"widget\" data-e-type=\"widget\" data-widget_type=\"image.default\">\n\t\t\t\t<div class=\"elementor-widget-container\">\n\t\t\t\t\t\t\t\t\t\t\t\t<figure class=\"wp-caption\">\n\t\t\t\t\t\t\t\t\t\t<img decoding=\"async\" width=\"262\" height=\"192\" src=\"https:\/\/certsoares.com.br\/wp-content\/uploads\/2021\/07\/a3.png\" class=\"attachment-large size-large wp-image-406\" alt=\"\" \/>\t\t\t\t\t\t\t\t\t\t\t<figcaption class=\"widget-image-caption wp-caption-text\">A3 - Cart\u00e3o<br>Validade at\u00e9 3 anos<\/figcaption>\n\t\t\t\t\t\t\t\t\t\t<\/figure>\n\t\t\t\t\t\t\t\t\t<\/div>\n\t\t\t\t<\/div>\n\t\t\t\t\t<\/div>\n\t\t<\/div>\n\t\t\t\t<div class=\"elementor-column elementor-col-25 elementor-inner-column elementor-element elementor-element-116f84e\" data-id=\"116f84e\" data-element_type=\"column\" data-e-type=\"column\">\n\t\t\t<div class=\"elementor-widget-wrap elementor-element-populated\">\n\t\t\t\t\t\t<div class=\"elementor-element elementor-element-8437d74 elementor-widget elementor-widget-image\" data-id=\"8437d74\" data-element_type=\"widget\" data-e-type=\"widget\" data-widget_type=\"image.default\">\n\t\t\t\t<div class=\"elementor-widget-container\">\n\t\t\t\t\t\t\t\t\t\t\t\t<figure class=\"wp-caption\">\n\t\t\t\t\t\t\t\t\t\t<img loading=\"lazy\" decoding=\"async\" width=\"262\" height=\"192\" src=\"https:\/\/certsoares.com.br\/wp-content\/uploads\/2021\/07\/cartao-A3.png\" class=\"attachment-large size-large wp-image-416\" alt=\"\" \/>\t\t\t\t\t\t\t\t\t\t\t<figcaption class=\"widget-image-caption wp-caption-text\">A3 - Cart\u00e3o + Leitora<br>Validade 3 anos<\/figcaption>\n\t\t\t\t\t\t\t\t\t\t<\/figure>\n\t\t\t\t\t\t\t\t\t<\/div>\n\t\t\t\t<\/div>\n\t\t\t\t\t<\/div>\n\t\t<\/div>\n\t\t\t\t<div class=\"elementor-column elementor-col-25 elementor-inner-column elementor-element elementor-element-81c2d82\" data-id=\"81c2d82\" data-element_type=\"column\" data-e-type=\"column\">\n\t\t\t<div class=\"elementor-widget-wrap elementor-element-populated\">\n\t\t\t\t\t\t<div class=\"elementor-element elementor-element-748312e elementor-widget elementor-widget-image\" data-id=\"748312e\" data-element_type=\"widget\" data-e-type=\"widget\" data-widget_type=\"image.default\">\n\t\t\t\t<div class=\"elementor-widget-container\">\n\t\t\t\t\t\t\t\t\t\t\t\t<figure class=\"wp-caption\">\n\t\t\t\t\t\t\t\t\t\t<img loading=\"lazy\" decoding=\"async\" width=\"262\" height=\"192\" src=\"https:\/\/certsoares.com.br\/wp-content\/uploads\/2021\/07\/token.png\" class=\"attachment-large size-large wp-image-426\" alt=\"\" \/>\t\t\t\t\t\t\t\t\t\t\t<figcaption class=\"widget-image-caption wp-caption-text\">A3 - Token<br>Validade at\u00e9 3 anos<\/figcaption>\n\t\t\t\t\t\t\t\t\t\t<\/figure>\n\t\t\t\t\t\t\t\t\t<\/div>\n\t\t\t\t<\/div>\n\t\t\t\t\t<\/div>\n\t\t<\/div>\n\t\t\t\t\t<\/div>\n\t\t<\/section>\n\t\t\t\t<div class=\"elementor-element elementor-element-e045228 elementor-widget elementor-widget-spacer\" data-id=\"e045228\" data-element_type=\"widget\" data-e-type=\"widget\" data-widget_type=\"spacer.default\">\n\t\t\t\t<div class=\"elementor-widget-container\">\n\t\t\t\t\t\t\t<div class=\"elementor-spacer\">\n\t\t\t<div class=\"elementor-spacer-inner\"><\/div>\n\t\t<\/div>\n\t\t\t\t\t\t<\/div>\n\t\t\t\t<\/div>\n\t\t\t\t\t<\/div>\n\t\t<\/div>\n\t\t\t\t\t<\/div>\n\t\t<\/section>\n\t\t\t\t<section class=\"elementor-section elementor-top-section elementor-element elementor-element-88f4f7d elementor-section-boxed elementor-section-height-default elementor-section-height-default wpr-particle-no wpr-jarallax-no wpr-parallax-no wpr-sticky-section-no\" data-id=\"88f4f7d\" data-element_type=\"section\" data-e-type=\"section\">\n\t\t\t\t\t\t<div class=\"elementor-container elementor-column-gap-default\">\n\t\t\t\t\t<div class=\"elementor-column elementor-col-100 elementor-top-column elementor-element elementor-element-3ec90bb\" data-id=\"3ec90bb\" data-element_type=\"column\" data-e-type=\"column\">\n\t\t\t<div class=\"elementor-widget-wrap elementor-element-populated\">\n\t\t\t\t\t\t<div class=\"elementor-element elementor-element-13b6eb4 elementor-tabs-view-horizontal elementor-widget elementor-widget-tabs\" data-id=\"13b6eb4\" data-element_type=\"widget\" data-e-type=\"widget\" data-widget_type=\"tabs.default\">\n\t\t\t\t<div class=\"elementor-widget-container\">\n\t\t\t\t\t\t\t<div class=\"elementor-tabs\">\n\t\t\t<div class=\"elementor-tabs-wrapper\" role=\"tablist\" >\n\t\t\t\t\t\t\t\t\t<div id=\"elementor-tab-title-2061\" class=\"elementor-tab-title elementor-tab-desktop-title\" aria-selected=\"true\" data-tab=\"1\" role=\"tab\" tabindex=\"0\" aria-controls=\"elementor-tab-content-2061\" aria-expanded=\"false\">NF-e<\/div>\n\t\t\t\t\t\t\t\t\t<div id=\"elementor-tab-title-2062\" class=\"elementor-tab-title elementor-tab-desktop-title\" aria-selected=\"false\" data-tab=\"2\" role=\"tab\" tabindex=\"-1\" aria-controls=\"elementor-tab-content-2062\" aria-expanded=\"false\">Caracter\u00edstica<\/div>\n\t\t\t\t\t\t\t\t\t<div id=\"elementor-tab-title-2063\" class=\"elementor-tab-title elementor-tab-desktop-title\" aria-selected=\"false\" data-tab=\"3\" role=\"tab\" tabindex=\"-1\" aria-controls=\"elementor-tab-content-2063\" aria-expanded=\"false\">Documentos Necess\u00e1rios<\/div>\n\t\t\t\t\t\t\t\t\t<div id=\"elementor-tab-title-2064\" class=\"elementor-tab-title elementor-tab-desktop-title\" aria-selected=\"false\" data-tab=\"4\" role=\"tab\" tabindex=\"-1\" aria-controls=\"elementor-tab-content-2064\" aria-expanded=\"false\">Etapas para emiss\u00e3o do Certificado Digital<\/div>\n\t\t\t\t\t\t\t<\/div>\n\t\t\t<div class=\"elementor-tabs-content-wrapper\" role=\"tablist\" aria-orientation=\"vertical\">\n\t\t\t\t\t\t\t\t\t<div class=\"elementor-tab-title elementor-tab-mobile-title\" aria-selected=\"true\" data-tab=\"1\" role=\"tab\" tabindex=\"0\" aria-controls=\"elementor-tab-content-2061\" aria-expanded=\"false\">NF-e<\/div>\n\t\t\t\t\t<div id=\"elementor-tab-content-2061\" class=\"elementor-tab-content elementor-clearfix\" data-tab=\"1\" role=\"tabpanel\" aria-labelledby=\"elementor-tab-title-2061\" tabindex=\"0\" hidden=\"false\">Para emiss\u00e3o do PJ NF-e s\u00e3o necess\u00e1rios os seguintes requisitos:<br><br>\n<ul>\n \t<li>\u2022 O respons\u00e1vel pelo uso dever\u00e1 levar uma procura\u00e7\u00e3o p\u00fablica e espec\u00edfica que\no autorize a emitir o PJ NF-e, al\u00e9m dos documentos de pessoa jur\u00eddica;<\/li>\n \t<li>\u2022 Em caso de n\u00e3o possuir a procura\u00e7\u00e3o, o respons\u00e1vel pelo uso dever\u00e1 ir\nacompanhado do representante legal da empresa. Nesse caso, tamb\u00e9m devem\nser apresentados os documentos de pessoa jur\u00eddica;<\/li>\n \t<li>\u2022 Qualquer um dos Administradores pode solicitar a emiss\u00e3o do PJ NF-e,\nindependentemente de ser representante legal, mediante apresenta\u00e7\u00e3o dos\ndocumentos de pessoa jur\u00eddica que confirmem tal poder.<\/li>\n<\/ul><\/div>\n\t\t\t\t\t\t\t\t\t<div class=\"elementor-tab-title elementor-tab-mobile-title\" aria-selected=\"false\" data-tab=\"2\" role=\"tab\" tabindex=\"-1\" aria-controls=\"elementor-tab-content-2062\" aria-expanded=\"false\">Caracter\u00edstica<\/div>\n\t\t\t\t\t<div id=\"elementor-tab-content-2062\" class=\"elementor-tab-content elementor-clearfix\" data-tab=\"2\" role=\"tabpanel\" aria-labelledby=\"elementor-tab-title-2062\" tabindex=\"0\" hidden=\"hidden\">Certificado Digital PJ NF-e A1<br><br>\n\u2022 Validade de 1 (um) ano;<br>\n\u2022 Instalado em seu computador;<br>\n\u2022 Protegido por uma senha de acesso;<br>\n\u2022 Windows 7 ou superior;<br><br>\nCertificado Digital PJ NF-e A3<br><br>\n\u2022 Validade de at\u00e9 3 (tr\u00eas) anos;<br>\n\u2022 Instalado obrigatoriamente em uma m\u00eddia (cart\u00e3o ou token);<br>\n\u2022 Protegido pela senha de acesso \u00e0 m\u00eddia;<br>\n\u2022 Tipo recomendado pela Secretaria da Receita Federal por oferecer maior\nseguran\u00e7a.<\/div>\n\t\t\t\t\t\t\t\t\t<div class=\"elementor-tab-title elementor-tab-mobile-title\" aria-selected=\"false\" data-tab=\"3\" role=\"tab\" tabindex=\"-1\" aria-controls=\"elementor-tab-content-2063\" aria-expanded=\"false\">Documentos Necess\u00e1rios<\/div>\n\t\t\t\t\t<div id=\"elementor-tab-content-2063\" class=\"elementor-tab-content elementor-clearfix\" data-tab=\"3\" role=\"tabpanel\" aria-labelledby=\"elementor-tab-title-2063\" tabindex=\"0\" hidden=\"hidden\"><p>Documentos Necess\u00e1rios Relativos a Pessoa Jur\u00eddica:<br \/><br \/>\u2022 Documento oficial de constitui\u00e7\u00e3o da empresa (contrato social, requerimento de empres\u00e1rio, e todas as altera\u00e7\u00f5es. Em casos de altera\u00e7\u00e3o consolidada, somente esta e as posteriores,<br \/>\u2022 Documento com chancela digital s\u00f3 poder\u00e1 ser aceito se houver a possibilite de<br \/>valida\u00e7\u00e3o no site do \u00f3rg\u00e3o registrador,<br \/>\u2022 Nomea\u00e7\u00f5es ou Portarias ou Atas, Estatutos,<br \/>\u2022 Cart\u00e3o do CNPJ,<br \/>\u2022 Cadastro Espec\u00edfico do INSS (CEI) &#8211; Opcional<br \/><br \/>Importante<br \/><br \/>Para emiss\u00f5es, cujo o Tipo de Sociedade for Madeireira, o(s) respons\u00e1vel(eis)<br \/>obrigatoriamente dever\u00e1(\u00e3o) apresentar na valida\u00e7\u00e3o presencial 02 documentos de<br \/>identifica\u00e7\u00e3o v\u00e1lidos.<br \/><br \/>Relativos ao(s) respons\u00e1vel(s) :: mesma(s) pessoa(s) conforme cadastro da<br \/>RFB:<br \/><br \/>\u2022 Documento de Identidade em bom estado, com f\u00e9 p\u00fablica, que a foto permita a<br \/>identifica\u00e7\u00e3o do titular<br \/>\u2022 CPF &#8211; dispens\u00e1vel se constar no documento de identidade,<br \/>\u2022 Identifica\u00e7\u00e3o Social ( PIS, PASEP ou INSS-CEI ) &#8211; Se informado no certificado.<br \/><br \/>ATEN\u00c7\u00c3O<br \/><br \/>\u2022 C\u00f3pias simples e\/ou c\u00f3pias autenticadas N\u00c3O S\u00c3O ACEITAS.<br \/>\u2022 Documentos que possuem prazo de validade precisam estar vigentes (exceto CNH).<br \/>\u2022 Conforme determinado pela ICP-Brasil, o registro de dados biom\u00e9tricos (foto e<br \/>impress\u00f5es digitais) \u00e9 obrigat\u00f3rio e ser\u00e1 realizado durante a valida\u00e7\u00e3o do<br \/>Certificado Digital.<br \/><br \/>Documentos Aceitos:<br \/><br \/>\u2022 Carteira emitida pelas Secretarias de Seguran\u00e7a P\u00fablicas,<br \/>\u2022 Carteira emitida por org\u00e3os criado por lei federal, controladores do exerc\u00edcio<br \/>profissional, tais como: OAB, CRC, CRM, CRO, CREA,<br \/>\u2022 Carteira Nacional de Habilita\u00e7\u00e3o,<br \/>\u2022 Registro Nacional de Estrangeiros,<br \/>\u2022 Passaporte.<br \/><br \/>Caso o Certificado Digital seja emitido por procura\u00e7\u00e3o, al\u00e9m dos documentos listados acima, dever\u00e1 ser apresentado e observado:<br \/><br \/>\u2022 a) O documento de pessoa jur\u00eddica dever\u00e1 prever em cl\u00e1usula administrativa a possibilidade de nomea\u00e7\u00e3o ou representa\u00e7\u00e3o por procurador.<br \/>\u2022 b) A procura\u00e7\u00e3o dever\u00e1 ser p\u00fablica e com poderes espec\u00edficos para emitir certificados digitais perante o ICP-Brasil.<br \/>\u2022 c) Independente do prazo determinado na procura\u00e7\u00e3o, a mesma ter\u00e1 validade de 90 (noventa) dias, de acordo com a Resolu\u00e7\u00e3o n\u00b0 107 da ICP-Brasil.<\/p><\/div>\n\t\t\t\t\t\t\t\t\t<div class=\"elementor-tab-title elementor-tab-mobile-title\" aria-selected=\"false\" data-tab=\"4\" role=\"tab\" tabindex=\"-1\" aria-controls=\"elementor-tab-content-2064\" aria-expanded=\"false\">Etapas para emiss\u00e3o do Certificado Digital<\/div>\n\t\t\t\t\t<div id=\"elementor-tab-content-2064\" class=\"elementor-tab-content elementor-clearfix\" data-tab=\"4\" role=\"tabpanel\" aria-labelledby=\"elementor-tab-title-2064\" tabindex=\"0\" hidden=\"hidden\"><p>Etapas para emiss\u00e3o do Certificado Digital<\/p><p>&#8211; Escolha o Tipo do Certificado que melhor atenda a sua necessidade, veja se h\u00e1 restri\u00e7\u00f5es.<br \/>&#8211; Compre o Certificado<br \/>&#8211; Agende a valida\u00e7\u00e3o presencial (etapa imprescind\u00edvel)<br \/>&#8211; Valida\u00e7\u00e3o presencial ou Videoconfer\u00eancia confirma a identidade do solicitante, atrav\u00e9s da confer\u00eancia da documenta\u00e7\u00e3o pessoal apresentada e o registro dos dados biom\u00e9tricos (foto e impress\u00e3o digital).<\/p><\/div>\n\t\t\t\t\t\t\t<\/div>\n\t\t<\/div>\n\t\t\t\t\t\t<\/div>\n\t\t\t\t<\/div>\n\t\t\t\t\t<\/div>\n\t\t<\/div>\n\t\t\t\t\t<\/div>\n\t\t<\/section>\n\t\t\t\t<\/div>\n\t\t","protected":false},"excerpt":{"rendered":"<p>Certificado Digital ( Pessoa Jur\u00eddica ) PJ NF-eO PJ NF-e \u00e9 o Certificado Digital ICP-Brasil indicado para empresas que necessitam assinar digitalmente documentos fiscais eletr\u00f4nicos, tais como notas fiscais e conhecimentos de transporte. Sua principal caracter\u00edstica \u00e9 a possibilidade de restringir seu uso apenas para a emiss\u00e3o destes documentos fiscais eletr\u00f4nicos, inibindo acesso a qualquer outro sistema, como o da Receita Federal do Brasil, por exemplo. Para implementar esta restri\u00e7\u00e3o basta atribuir a responsabilidade pelo uso do certificado para pessoa distinta da indicada como representante legal da empresa perante a RFB. NF-e A1 &#8211; Arquivo Validade 1 ano A3 &#8211; Cart\u00e3oValidade at\u00e9 3 anos A3 &#8211; Cart\u00e3o + LeitoraValidade 3 anos A3 &#8211; TokenValidade at\u00e9 3 anos NF-e Caracter\u00edstica Documentos Necess\u00e1rios Etapas para emiss\u00e3o do Certificado Digital NF-e Para emiss\u00e3o do PJ NF-e s\u00e3o necess\u00e1rios os seguintes requisitos: \u2022 O respons\u00e1vel pelo uso dever\u00e1 levar uma procura\u00e7\u00e3o p\u00fablica e espec\u00edfica que o autorize a emitir o PJ NF-e, al\u00e9m dos documentos de pessoa jur\u00eddica; \u2022 Em caso de n\u00e3o possuir a procura\u00e7\u00e3o, o respons\u00e1vel pelo uso dever\u00e1 ir acompanhado do representante legal da empresa. Nesse caso, tamb\u00e9m devem ser apresentados os documentos de pessoa jur\u00eddica; \u2022 Qualquer um dos Administradores pode solicitar a emiss\u00e3o do PJ NF-e, independentemente de ser representante legal, mediante apresenta\u00e7\u00e3o dos documentos de pessoa jur\u00eddica que confirmem tal poder. Caracter\u00edstica Certificado Digital PJ NF-e A1 \u2022 Validade de 1 (um) ano; \u2022 Instalado em seu computador; \u2022 Protegido por uma senha de acesso; \u2022 Windows 7 ou superior; Certificado Digital PJ NF-e A3 \u2022 Validade de at\u00e9 3 (tr\u00eas) anos; \u2022 Instalado obrigatoriamente em uma m\u00eddia (cart\u00e3o ou token); \u2022 Protegido pela senha de acesso \u00e0 m\u00eddia; \u2022 Tipo recomendado pela Secretaria da Receita Federal por oferecer maior seguran\u00e7a. Documentos Necess\u00e1rios Documentos Necess\u00e1rios Relativos a Pessoa Jur\u00eddica: \u2022 Documento oficial de constitui\u00e7\u00e3o da empresa (contrato social, requerimento de empres\u00e1rio, e todas as altera\u00e7\u00f5es. Em casos de altera\u00e7\u00e3o consolidada, somente esta e as posteriores,\u2022 Documento com chancela digital s\u00f3 poder\u00e1 ser aceito se houver a possibilite devalida\u00e7\u00e3o no site do \u00f3rg\u00e3o registrador,\u2022 Nomea\u00e7\u00f5es ou Portarias ou Atas, Estatutos,\u2022 Cart\u00e3o do CNPJ,\u2022 Cadastro Espec\u00edfico do INSS (CEI) &#8211; Opcional Importante Para emiss\u00f5es, cujo o Tipo de Sociedade for Madeireira, o(s) respons\u00e1vel(eis)obrigatoriamente dever\u00e1(\u00e3o) apresentar na valida\u00e7\u00e3o presencial 02 documentos deidentifica\u00e7\u00e3o v\u00e1lidos. Relativos ao(s) respons\u00e1vel(s) :: mesma(s) pessoa(s) conforme cadastro daRFB: \u2022 Documento de Identidade em bom estado, com f\u00e9 p\u00fablica, que a foto permita aidentifica\u00e7\u00e3o do titular\u2022 CPF &#8211; dispens\u00e1vel se constar no documento de identidade,\u2022 Identifica\u00e7\u00e3o Social ( PIS, PASEP ou INSS-CEI ) &#8211; Se informado no certificado. ATEN\u00c7\u00c3O \u2022 C\u00f3pias simples e\/ou c\u00f3pias autenticadas N\u00c3O S\u00c3O ACEITAS.\u2022 Documentos que possuem prazo de validade precisam estar vigentes (exceto CNH).\u2022 Conforme determinado pela ICP-Brasil, o registro de dados biom\u00e9tricos (foto eimpress\u00f5es digitais) \u00e9 obrigat\u00f3rio e ser\u00e1 realizado durante a valida\u00e7\u00e3o doCertificado Digital. Documentos Aceitos: \u2022 Carteira emitida pelas Secretarias de Seguran\u00e7a P\u00fablicas,\u2022 Carteira emitida por org\u00e3os criado por lei federal, controladores do exerc\u00edcioprofissional, tais como: OAB, CRC, CRM, CRO, CREA,\u2022 Carteira Nacional de Habilita\u00e7\u00e3o,\u2022 Registro Nacional de Estrangeiros,\u2022 Passaporte. Caso o Certificado Digital seja emitido por procura\u00e7\u00e3o, al\u00e9m dos documentos listados acima, dever\u00e1 ser apresentado e observado: \u2022 a) O documento de pessoa jur\u00eddica dever\u00e1 prever em cl\u00e1usula administrativa a possibilidade de nomea\u00e7\u00e3o ou representa\u00e7\u00e3o por procurador.\u2022 b) A procura\u00e7\u00e3o dever\u00e1 ser p\u00fablica e com poderes espec\u00edficos para emitir certificados digitais perante o ICP-Brasil.\u2022 c) Independente do prazo determinado na procura\u00e7\u00e3o, a mesma ter\u00e1 validade de 90 (noventa) dias, de acordo com a Resolu\u00e7\u00e3o n\u00b0 107 da ICP-Brasil. Etapas para emiss\u00e3o do Certificado Digital Etapas para emiss\u00e3o do Certificado Digital &#8211; Escolha o Tipo do Certificado que melhor atenda a sua necessidade, veja se h\u00e1 restri\u00e7\u00f5es.&#8211; Compre o Certificado&#8211; Agende a valida\u00e7\u00e3o presencial (etapa imprescind\u00edvel)&#8211; Valida\u00e7\u00e3o presencial ou Videoconfer\u00eancia confirma a identidade do solicitante, atrav\u00e9s da confer\u00eancia da documenta\u00e7\u00e3o pessoal apresentada e o registro dos dados biom\u00e9tricos (foto e impress\u00e3o digital).<\/p>\n","protected":false},"author":1,"featured_media":0,"parent":0,"menu_order":0,"comment_status":"closed","ping_status":"closed","template":"elementor_header_footer","meta":{"_joinchat":[],"footnotes":""},"class_list":["post-148","page","type-page","status-publish","hentry"],"_links":{"self":[{"href":"https:\/\/certsoares.com.br\/index.php?rest_route=\/wp\/v2\/pages\/148","targetHints":{"allow":["GET"]}}],"collection":[{"href":"https:\/\/certsoares.com.br\/index.php?rest_route=\/wp\/v2\/pages"}],"about":[{"href":"https:\/\/certsoares.com.br\/index.php?rest_route=\/wp\/v2\/types\/page"}],"author":[{"embeddable":true,"href":"https:\/\/certsoares.com.br\/index.php?rest_route=\/wp\/v2\/users\/1"}],"replies":[{"embeddable":true,"href":"https:\/\/certsoares.com.br\/index.php?rest_route=%2Fwp%2Fv2%2Fcomments&post=148"}],"version-history":[{"count":41,"href":"https:\/\/certsoares.com.br\/index.php?rest_route=\/wp\/v2\/pages\/148\/revisions"}],"predecessor-version":[{"id":444,"href":"https:\/\/certsoares.com.br\/index.php?rest_route=\/wp\/v2\/pages\/148\/revisions\/444"}],"wp:attachment":[{"href":"https:\/\/certsoares.com.br\/index.php?rest_route=%2Fwp%2Fv2%2Fmedia&parent=148"}],"curies":[{"name":"wp","href":"https:\/\/api.w.org\/{rel}","templated":true}]}}