{"id":104,"date":"2021-05-10T18:18:48","date_gmt":"2021-05-10T18:18:48","guid":{"rendered":"http:\/\/certsoares.com.br\/?page_id=104"},"modified":"2021-07-28T18:54:55","modified_gmt":"2021-07-28T18:54:55","slug":"pessoa-fisica","status":"publish","type":"page","link":"https:\/\/certsoares.com.br\/?page_id=104","title":{"rendered":"e-CPF"},"content":{"rendered":"\t\t<div data-elementor-type=\"wp-page\" data-elementor-id=\"104\" class=\"elementor elementor-104\" data-elementor-post-type=\"page\">\n\t\t\t\t\t\t<section class=\"elementor-section elementor-top-section elementor-element elementor-element-c73efcc elementor-section-boxed elementor-section-height-default elementor-section-height-default wpr-particle-no wpr-jarallax-no wpr-parallax-no wpr-sticky-section-no\" data-id=\"c73efcc\" data-element_type=\"section\" data-e-type=\"section\">\n\t\t\t\t\t\t<div class=\"elementor-container elementor-column-gap-default\">\n\t\t\t\t\t<div class=\"elementor-column elementor-col-100 elementor-top-column elementor-element elementor-element-21b1f8f\" data-id=\"21b1f8f\" data-element_type=\"column\" data-e-type=\"column\">\n\t\t\t<div class=\"elementor-widget-wrap elementor-element-populated\">\n\t\t\t\t\t\t<div class=\"elementor-element elementor-element-265f378 elementor-invisible elementor-widget elementor-widget-text-editor\" data-id=\"265f378\" data-element_type=\"widget\" data-e-type=\"widget\" data-settings=\"{&quot;_animation&quot;:&quot;fadeInUp&quot;}\" data-widget_type=\"text-editor.default\">\n\t\t\t\t<div class=\"elementor-widget-container\">\n\t\t\t\t\t\t\t\t\tCERTIFICADO DIGITAL<br>\nPESSOA F\u00cdSICA<br>\ne-CPF\t\t\t\t\t\t\t\t<\/div>\n\t\t\t\t<\/div>\n\t\t\t\t\t<\/div>\n\t\t<\/div>\n\t\t\t\t\t<\/div>\n\t\t<\/section>\n\t\t\t\t<section class=\"elementor-section elementor-top-section elementor-element elementor-element-cc4a279 elementor-section-boxed elementor-section-height-default elementor-section-height-default wpr-particle-no wpr-jarallax-no wpr-parallax-no wpr-sticky-section-no\" data-id=\"cc4a279\" data-element_type=\"section\" data-e-type=\"section\">\n\t\t\t\t\t\t<div class=\"elementor-container elementor-column-gap-default\">\n\t\t\t\t\t<div class=\"elementor-column elementor-col-50 elementor-top-column elementor-element elementor-element-4fc1214\" data-id=\"4fc1214\" data-element_type=\"column\" data-e-type=\"column\">\n\t\t\t<div class=\"elementor-widget-wrap elementor-element-populated\">\n\t\t\t\t\t\t<div class=\"elementor-element elementor-element-4382818 elementor-invisible elementor-widget elementor-widget-text-editor\" data-id=\"4382818\" data-element_type=\"widget\" data-e-type=\"widget\" data-settings=\"{&quot;_animation&quot;:&quot;fadeInUp&quot;}\" data-widget_type=\"text-editor.default\">\n\t\t\t\t<div class=\"elementor-widget-container\">\n\t\t\t\t\t\t\t\t\t<p>\u00c9 a vers\u00e3o eletr\u00f4nica do CPF (Cadastro de Pessoa F\u00edsica), indicada para pessoas f\u00edsicas e profissionais liberais, como: advogado, agricultor, contador, m\u00e9dico, engenheiro, agr\u00f4nomo, produtor rural, e etc.\u00a0<\/p>\t\t\t\t\t\t\t\t<\/div>\n\t\t\t\t<\/div>\n\t\t\t\t<div class=\"elementor-element elementor-element-78f8c2e elementor-invisible elementor-widget elementor-widget-text-editor\" data-id=\"78f8c2e\" data-element_type=\"widget\" data-e-type=\"widget\" data-settings=\"{&quot;_animation&quot;:&quot;fadeInUp&quot;}\" data-widget_type=\"text-editor.default\">\n\t\t\t\t<div class=\"elementor-widget-container\">\n\t\t\t\t\t\t\t\t\t<p>Modelos de Certificados Digitais e-CPF dispon\u00edveis:<\/p>\t\t\t\t\t\t\t\t<\/div>\n\t\t\t\t<\/div>\n\t\t\t\t\t<\/div>\n\t\t<\/div>\n\t\t\t\t<div class=\"elementor-column elementor-col-50 elementor-top-column elementor-element elementor-element-1e20191\" data-id=\"1e20191\" data-element_type=\"column\" data-e-type=\"column\">\n\t\t\t<div class=\"elementor-widget-wrap elementor-element-populated\">\n\t\t\t\t\t\t<div class=\"elementor-element elementor-element-3233e7b elementor-widget elementor-widget-image\" data-id=\"3233e7b\" data-element_type=\"widget\" data-e-type=\"widget\" data-widget_type=\"image.default\">\n\t\t\t\t<div class=\"elementor-widget-container\">\n\t\t\t\t\t\t\t\t\t\t\t\t\t\t\t<img decoding=\"async\" width=\"200\" height=\"200\" src=\"https:\/\/certsoares.com.br\/wp-content\/uploads\/2021\/05\/111.jpg\" class=\"attachment-large size-large wp-image-363\" alt=\"\" srcset=\"https:\/\/certsoares.com.br\/wp-content\/uploads\/2021\/05\/111.jpg 200w, https:\/\/certsoares.com.br\/wp-content\/uploads\/2021\/05\/111-150x150.jpg 150w\" sizes=\"(max-width: 200px) 100vw, 200px\" \/>\t\t\t\t\t\t\t\t\t\t\t\t\t\t\t<\/div>\n\t\t\t\t<\/div>\n\t\t\t\t\t<\/div>\n\t\t<\/div>\n\t\t\t\t\t<\/div>\n\t\t<\/section>\n\t\t\t\t<section class=\"elementor-section elementor-top-section elementor-element elementor-element-fa0fde3 elementor-section-boxed elementor-section-height-default elementor-section-height-default wpr-particle-no wpr-jarallax-no wpr-parallax-no wpr-sticky-section-no\" data-id=\"fa0fde3\" data-element_type=\"section\" data-e-type=\"section\">\n\t\t\t\t\t\t<div class=\"elementor-container elementor-column-gap-default\">\n\t\t\t\t\t<div class=\"elementor-column elementor-col-100 elementor-top-column elementor-element elementor-element-d57233e\" data-id=\"d57233e\" data-element_type=\"column\" data-e-type=\"column\">\n\t\t\t<div class=\"elementor-widget-wrap elementor-element-populated\">\n\t\t\t\t\t\t<div class=\"elementor-element elementor-element-8930434 elementor-widget elementor-widget-text-editor\" data-id=\"8930434\" data-element_type=\"widget\" data-e-type=\"widget\" data-widget_type=\"text-editor.default\">\n\t\t\t\t<div class=\"elementor-widget-container\">\n\t\t\t\t\t\t\t\t\t<p><strong>e-CPF<\/strong><\/p>\t\t\t\t\t\t\t\t<\/div>\n\t\t\t\t<\/div>\n\t\t\t\t<section class=\"elementor-section elementor-inner-section elementor-element elementor-element-29908ee elementor-section-boxed elementor-section-height-default elementor-section-height-default wpr-particle-no wpr-jarallax-no wpr-parallax-no wpr-sticky-section-no\" data-id=\"29908ee\" data-element_type=\"section\" data-e-type=\"section\">\n\t\t\t\t\t\t<div class=\"elementor-container elementor-column-gap-default\">\n\t\t\t\t\t<div class=\"elementor-column elementor-col-20 elementor-inner-column elementor-element elementor-element-b80e5a3\" data-id=\"b80e5a3\" data-element_type=\"column\" data-e-type=\"column\">\n\t\t\t<div class=\"elementor-widget-wrap elementor-element-populated\">\n\t\t\t\t\t\t<div class=\"elementor-element elementor-element-85a811d elementor-widget elementor-widget-image\" data-id=\"85a811d\" data-element_type=\"widget\" data-e-type=\"widget\" data-widget_type=\"image.default\">\n\t\t\t\t<div class=\"elementor-widget-container\">\n\t\t\t\t\t\t\t\t\t\t\t\t<figure class=\"wp-caption\">\n\t\t\t\t\t\t\t\t\t\t<img fetchpriority=\"high\" decoding=\"async\" width=\"262\" height=\"192\" src=\"https:\/\/certsoares.com.br\/wp-content\/uploads\/2021\/07\/A1.png\" class=\"attachment-large size-large wp-image-438\" alt=\"\" \/>\t\t\t\t\t\t\t\t\t\t\t<figcaption class=\"widget-image-caption wp-caption-text\">A1 - Arquivo<br> Validade 1 ano<br> * Emiss\u00e3o e renova\u00e7\u00e3o<br> pode ser feita por Videoconfer\u00eancia<\/figcaption>\n\t\t\t\t\t\t\t\t\t\t<\/figure>\n\t\t\t\t\t\t\t\t\t<\/div>\n\t\t\t\t<\/div>\n\t\t\t\t\t<\/div>\n\t\t<\/div>\n\t\t\t\t<div class=\"elementor-column elementor-col-20 elementor-inner-column elementor-element elementor-element-b8fe793\" data-id=\"b8fe793\" data-element_type=\"column\" data-e-type=\"column\">\n\t\t\t<div class=\"elementor-widget-wrap elementor-element-populated\">\n\t\t\t\t\t\t<div class=\"elementor-element elementor-element-9315576 elementor-widget elementor-widget-image\" data-id=\"9315576\" data-element_type=\"widget\" data-e-type=\"widget\" data-widget_type=\"image.default\">\n\t\t\t\t<div class=\"elementor-widget-container\">\n\t\t\t\t\t\t\t\t\t\t\t\t<figure class=\"wp-caption\">\n\t\t\t\t\t\t\t\t\t\t<img decoding=\"async\" width=\"262\" height=\"192\" src=\"https:\/\/certsoares.com.br\/wp-content\/uploads\/2021\/07\/a3.png\" class=\"attachment-large size-large wp-image-406\" alt=\"\" \/>\t\t\t\t\t\t\t\t\t\t\t<figcaption class=\"widget-image-caption wp-caption-text\">A3 - Cart\u00e3o<br> Validades at\u00e9 3 anos<\/figcaption>\n\t\t\t\t\t\t\t\t\t\t<\/figure>\n\t\t\t\t\t\t\t\t\t<\/div>\n\t\t\t\t<\/div>\n\t\t\t\t\t<\/div>\n\t\t<\/div>\n\t\t\t\t<div class=\"elementor-column elementor-col-20 elementor-inner-column elementor-element elementor-element-3912555\" data-id=\"3912555\" data-element_type=\"column\" data-e-type=\"column\">\n\t\t\t<div class=\"elementor-widget-wrap elementor-element-populated\">\n\t\t\t\t\t\t<div class=\"elementor-element elementor-element-f81e7ae elementor-widget elementor-widget-image\" data-id=\"f81e7ae\" data-element_type=\"widget\" data-e-type=\"widget\" data-widget_type=\"image.default\">\n\t\t\t\t<div class=\"elementor-widget-container\">\n\t\t\t\t\t\t\t\t\t\t\t\t<figure class=\"wp-caption\">\n\t\t\t\t\t\t\t\t\t\t<img loading=\"lazy\" decoding=\"async\" width=\"262\" height=\"192\" src=\"https:\/\/certsoares.com.br\/wp-content\/uploads\/2021\/07\/cartao-A3.png\" class=\"attachment-large size-large wp-image-416\" alt=\"\" \/>\t\t\t\t\t\t\t\t\t\t\t<figcaption class=\"widget-image-caption wp-caption-text\">A3 - Cart\u00e3o + Leitora <br>Validade at\u00e9 3 anos<\/figcaption>\n\t\t\t\t\t\t\t\t\t\t<\/figure>\n\t\t\t\t\t\t\t\t\t<\/div>\n\t\t\t\t<\/div>\n\t\t\t\t\t<\/div>\n\t\t<\/div>\n\t\t\t\t<div class=\"elementor-column elementor-col-20 elementor-inner-column elementor-element elementor-element-fa9d46b\" data-id=\"fa9d46b\" data-element_type=\"column\" data-e-type=\"column\">\n\t\t\t<div class=\"elementor-widget-wrap elementor-element-populated\">\n\t\t\t\t\t\t<div class=\"elementor-element elementor-element-98c12dd elementor-widget elementor-widget-image\" data-id=\"98c12dd\" data-element_type=\"widget\" data-e-type=\"widget\" data-widget_type=\"image.default\">\n\t\t\t\t<div class=\"elementor-widget-container\">\n\t\t\t\t\t\t\t\t\t\t\t\t<figure class=\"wp-caption\">\n\t\t\t\t\t\t\t\t\t\t<img loading=\"lazy\" decoding=\"async\" width=\"262\" height=\"192\" src=\"https:\/\/certsoares.com.br\/wp-content\/uploads\/2021\/07\/token.png\" class=\"attachment-large size-large wp-image-426\" alt=\"\" \/>\t\t\t\t\t\t\t\t\t\t\t<figcaption class=\"widget-image-caption wp-caption-text\">A3 - Token <br>Validade at\u00e9 3 anos<\/figcaption>\n\t\t\t\t\t\t\t\t\t\t<\/figure>\n\t\t\t\t\t\t\t\t\t<\/div>\n\t\t\t\t<\/div>\n\t\t\t\t\t<\/div>\n\t\t<\/div>\n\t\t\t\t<div class=\"elementor-column elementor-col-20 elementor-inner-column elementor-element elementor-element-5013988\" data-id=\"5013988\" data-element_type=\"column\" data-e-type=\"column\">\n\t\t\t<div class=\"elementor-widget-wrap elementor-element-populated\">\n\t\t\t\t\t\t<div class=\"elementor-element elementor-element-1a3ee49 elementor-widget elementor-widget-image\" data-id=\"1a3ee49\" data-element_type=\"widget\" data-e-type=\"widget\" data-widget_type=\"image.default\">\n\t\t\t\t<div class=\"elementor-widget-container\">\n\t\t\t\t\t\t\t\t\t\t\t\t<figure class=\"wp-caption\">\n\t\t\t\t\t\t\t\t\t\t<img loading=\"lazy\" decoding=\"async\" width=\"262\" height=\"192\" src=\"https:\/\/certsoares.com.br\/wp-content\/uploads\/2021\/05\/images.jpg\" class=\"attachment-large size-large wp-image-351\" alt=\"\" \/>\t\t\t\t\t\t\t\t\t\t\t<figcaption class=\"widget-image-caption wp-caption-text\">A3 - Nuvem<br> Validade 4 meses<br>* Emiss\u00e3o e renova\u00e7\u00e3o<br> pode ser feita por Videoconfer\u00eancia<\/figcaption>\n\t\t\t\t\t\t\t\t\t\t<\/figure>\n\t\t\t\t\t\t\t\t\t<\/div>\n\t\t\t\t<\/div>\n\t\t\t\t\t<\/div>\n\t\t<\/div>\n\t\t\t\t\t<\/div>\n\t\t<\/section>\n\t\t\t\t<div class=\"elementor-element elementor-element-d038607 elementor-widget elementor-widget-spacer\" data-id=\"d038607\" data-element_type=\"widget\" data-e-type=\"widget\" data-widget_type=\"spacer.default\">\n\t\t\t\t<div class=\"elementor-widget-container\">\n\t\t\t\t\t\t\t<div class=\"elementor-spacer\">\n\t\t\t<div class=\"elementor-spacer-inner\"><\/div>\n\t\t<\/div>\n\t\t\t\t\t\t<\/div>\n\t\t\t\t<\/div>\n\t\t\t\t\t<\/div>\n\t\t<\/div>\n\t\t\t\t\t<\/div>\n\t\t<\/section>\n\t\t\t\t<section class=\"elementor-section elementor-top-section elementor-element elementor-element-09bc998 elementor-section-boxed elementor-section-height-default elementor-section-height-default wpr-particle-no wpr-jarallax-no wpr-parallax-no wpr-sticky-section-no\" data-id=\"09bc998\" data-element_type=\"section\" data-e-type=\"section\">\n\t\t\t\t\t\t<div class=\"elementor-container elementor-column-gap-default\">\n\t\t\t\t\t<div class=\"elementor-column elementor-col-100 elementor-top-column elementor-element elementor-element-0e3eebc\" data-id=\"0e3eebc\" data-element_type=\"column\" data-e-type=\"column\">\n\t\t\t<div class=\"elementor-widget-wrap elementor-element-populated\">\n\t\t\t\t\t\t<div class=\"elementor-element elementor-element-ab201f5 elementor-tabs-view-horizontal elementor-widget elementor-widget-tabs\" data-id=\"ab201f5\" data-element_type=\"widget\" data-e-type=\"widget\" data-widget_type=\"tabs.default\">\n\t\t\t\t<div class=\"elementor-widget-container\">\n\t\t\t\t\t\t\t<div class=\"elementor-tabs\">\n\t\t\t<div class=\"elementor-tabs-wrapper\" role=\"tablist\" >\n\t\t\t\t\t\t\t\t\t<div id=\"elementor-tab-title-1791\" class=\"elementor-tab-title elementor-tab-desktop-title\" aria-selected=\"true\" data-tab=\"1\" role=\"tab\" tabindex=\"0\" aria-controls=\"elementor-tab-content-1791\" aria-expanded=\"false\">e-CPF<\/div>\n\t\t\t\t\t\t\t\t\t<div id=\"elementor-tab-title-1792\" class=\"elementor-tab-title elementor-tab-desktop-title\" aria-selected=\"false\" data-tab=\"2\" role=\"tab\" tabindex=\"-1\" aria-controls=\"elementor-tab-content-1792\" aria-expanded=\"false\">Caracter\u00edstica<\/div>\n\t\t\t\t\t\t\t\t\t<div id=\"elementor-tab-title-1793\" class=\"elementor-tab-title elementor-tab-desktop-title\" aria-selected=\"false\" data-tab=\"3\" role=\"tab\" tabindex=\"-1\" aria-controls=\"elementor-tab-content-1793\" aria-expanded=\"false\">Documentos Necess\u00e1rios<\/div>\n\t\t\t\t\t\t\t\t\t<div id=\"elementor-tab-title-1794\" class=\"elementor-tab-title elementor-tab-desktop-title\" aria-selected=\"false\" data-tab=\"4\" role=\"tab\" tabindex=\"-1\" aria-controls=\"elementor-tab-content-1794\" aria-expanded=\"false\">Etapas para emiss\u00e3o do Certificado Digital<\/div>\n\t\t\t\t\t\t\t<\/div>\n\t\t\t<div class=\"elementor-tabs-content-wrapper\" role=\"tablist\" aria-orientation=\"vertical\">\n\t\t\t\t\t\t\t\t\t<div class=\"elementor-tab-title elementor-tab-mobile-title\" aria-selected=\"true\" data-tab=\"1\" role=\"tab\" tabindex=\"0\" aria-controls=\"elementor-tab-content-1791\" aria-expanded=\"false\">e-CPF<\/div>\n\t\t\t\t\t<div id=\"elementor-tab-content-1791\" class=\"elementor-tab-content elementor-clearfix\" data-tab=\"1\" role=\"tabpanel\" aria-labelledby=\"elementor-tab-title-1791\" tabindex=\"0\" hidden=\"false\"><p>Com o Certificado Digital e-CPF \u00e9 poss\u00edvel\u00a0ter acesso para os servi\u00e7os oferecidos pelo Governo Federal na internet, como:<br \/><br \/><br \/>\u2022 e-Social \u2013 Sistema de Escritura\u00e7\u00e3o Digital das Obriga\u00e7\u00f5es Fiscais, Previdenci\u00e1rias e Trabalhistas;<br \/>\u2022 DCTF Web \u2013 Declara\u00e7\u00f5es de D\u00e9bitos e Cr\u00e9ditos Tribut\u00e1rios Federais Previdenci\u00e1rios e de Outras Entidades e Fundos&#8217;;<br \/>\u2022 SA\u00daDE: DMED \u2013 Declara\u00e7\u00e3o de Servi\u00e7os M\u00e9dicos e de Sa\u00fade, SISREI, TISS;<br \/>\u2022 SPED \u2013 Sistema P\u00fablico de Escritura\u00e7\u00e3o Digital;<br \/>\u2022 EFD-Reinf &#8211; Escritura\u00e7\u00e3o Fiscal Digital de Reten\u00e7\u00f5es e Outras Informa\u00e7\u00f5es Fiscais;<br \/>\u2022 GOVERNO: Empresa Simples, SISCONSIG;<br \/>\u2022 Receita Federal: CAGED, DACON, DEREX, DIMOB, DIMOF,<br \/>DIPF, DIRF, DSPJ, e-CAC, IRPF, Homolognet, PERDCOMP,<br \/>RAIS, SICONFI, SIL;<br \/>\u2022 SEFAZ: NFA-e;<br \/>\u2022 MEC: PROUNI;<br \/>\u2022 Detran: e-CNHsp;<br \/>\u2022 SPED: ECD, EFD, ECF, eSocial;<br \/>\u2022 Caixa Econ\u00f4mica: FGTS, e-APS, Conectividade Social ICP;<br \/>\u2022 Per\u00edcia Judicial;<br \/>\u2022 Justi\u00e7a: PJ-e, e-DOC, e-PET, e-STJ<br \/>\u2022 Siscomex (com\u00e9rcio exterior);<br \/>\u2022 Provis\u00e3o de Procura\u00e7\u00e3o Eletr\u00f4nica;<br \/>\u2022 Assinatura de e-mails, documentos e contratos digitais da<br \/>Pessoa F\u00edsica, al\u00e9m de Prontu\u00e1rio Eletr\u00f4nico de Paciente<br \/>(PEP);<br \/>\u2022 Dentre outros servi\u00e7os.<\/p><\/div>\n\t\t\t\t\t\t\t\t\t<div class=\"elementor-tab-title elementor-tab-mobile-title\" aria-selected=\"false\" data-tab=\"2\" role=\"tab\" tabindex=\"-1\" aria-controls=\"elementor-tab-content-1792\" aria-expanded=\"false\">Caracter\u00edstica<\/div>\n\t\t\t\t\t<div id=\"elementor-tab-content-1792\" class=\"elementor-tab-content elementor-clearfix\" data-tab=\"2\" role=\"tabpanel\" aria-labelledby=\"elementor-tab-title-1792\" tabindex=\"0\" hidden=\"hidden\">Certificado Digital e-CPF A1<br>\n\u2022 Validade de 1 (um) ano;<br>\n\u2022 Instalado em seu computador;<br>\n\u2022 Protegido por uma senha de instala\u00e7\u00e3o;<br>\n\u2022 Windows 7 ou superior;<br><br>\nCertificado Digital e-CPF A3<br>\n\u2022 Validade de at\u00e9 3 (tr\u00eas) anos;<br>\n\u2022 Instalado obrigatoriamente em uma m\u00eddia (Cart\u00e3o, Token ou Nuvem);<br>\n\u2022 Protegido pela senha de acesso \u00e0 m\u00eddia;<\/div>\n\t\t\t\t\t\t\t\t\t<div class=\"elementor-tab-title elementor-tab-mobile-title\" aria-selected=\"false\" data-tab=\"3\" role=\"tab\" tabindex=\"-1\" aria-controls=\"elementor-tab-content-1793\" aria-expanded=\"false\">Documentos Necess\u00e1rios<\/div>\n\t\t\t\t\t<div id=\"elementor-tab-content-1793\" class=\"elementor-tab-content elementor-clearfix\" data-tab=\"3\" role=\"tabpanel\" aria-labelledby=\"elementor-tab-title-1793\" tabindex=\"0\" hidden=\"hidden\"><p>Documentos Necess\u00e1rios(originais) para emiss\u00e3o do e-CPF:<br \/><br \/>\u2022 C\u00e9dula de Identidade (CI \/ RG \/ DNI), ou<br \/>Carteira Nacional de Habilita\u00e7\u00e3o (CNH),<br \/>\u2022 Carteira de Identidade Profissional, emitida por \u00f3rg\u00e3os criados por Lei Federal, tais como: OAB, CRC, CRM, CRO e CREA.<br \/>\u2022 Passaporte.<br \/>\u2022 Carteira de Identidade de Estrangeiro (CIE, RNE e CRNM).<br \/>\u2022 Comprovante de endere\u00e7o residencial atualizado.<br \/><br \/>REQUISITOS:<br \/><br \/>\u2022 Documento de identifica\u00e7\u00e3o com f\u00e9 p\u00fablica em bom estado de conserva\u00e7\u00e3o e que a<br \/>foto permita a identifica\u00e7\u00e3o do titular.<br \/>\u2022 CPF &#8211; dispens\u00e1vel se constar no documento de identifica\u00e7\u00e3o.<br \/>\u2022 C\u00f3pias simples e\/ou c\u00f3pias autenticadas de documentos de identifica\u00e7\u00e3o N\u00c3O S\u00c3O ACEITAS.<br \/>\u2022 Documentos que possuem prazo de validade precisam estar vigentes (exceto CNH).<br \/>\u2022 Conforme determinado pela ICP-Brasil, o registro de dados biom\u00e9tricos (foto e<br \/>impress\u00f5es digitais) \u00e9 obrigat\u00f3rio e ser\u00e1 realizado durante a valida\u00e7\u00e3o do Certificado Digital.<br \/>\u2022 Para a sua seguran\u00e7a, se necess\u00e1rio, solicitamos documentos adicionais.<br \/><br \/>Opcionais:<br \/><br \/>\u2022 PIS, PASEP, CAEPF, CEI e T\u00edtulo de Eleitor. <br \/><br \/>Esses documentos s\u00e3o opcionais, por\u00e9m, caso sejam informados na compra do certificado, ser\u00e1 obrigat\u00f3rio<br \/>apresent\u00e1-los no dia agendado para o atendimento.<\/p><\/div>\n\t\t\t\t\t\t\t\t\t<div class=\"elementor-tab-title elementor-tab-mobile-title\" aria-selected=\"false\" data-tab=\"4\" role=\"tab\" tabindex=\"-1\" aria-controls=\"elementor-tab-content-1794\" aria-expanded=\"false\">Etapas para emiss\u00e3o do Certificado Digital<\/div>\n\t\t\t\t\t<div id=\"elementor-tab-content-1794\" class=\"elementor-tab-content elementor-clearfix\" data-tab=\"4\" role=\"tabpanel\" aria-labelledby=\"elementor-tab-title-1794\" tabindex=\"0\" hidden=\"hidden\"><p>Etapas para emiss\u00e3o do Certificado Digital<\/p><p>&#8211; Escolha o Tipo do Certificado que melhor atenda a sua necessidade, veja se h\u00e1 restri\u00e7\u00f5es.<br \/>&#8211; Compre o Certificado<br \/>&#8211; Agende a valida\u00e7\u00e3o presencial (etapa imprescind\u00edvel)<br \/>&#8211; Valida\u00e7\u00e3o presencial ou Videoconfer\u00eancia confirma a identidade do solicitante, atrav\u00e9s da confer\u00eancia da documenta\u00e7\u00e3o pessoal apresentada e o registro dos dados biom\u00e9tricos (foto e impress\u00e3o digital).<\/p><\/div>\n\t\t\t\t\t\t\t<\/div>\n\t\t<\/div>\n\t\t\t\t\t\t<\/div>\n\t\t\t\t<\/div>\n\t\t\t\t\t<\/div>\n\t\t<\/div>\n\t\t\t\t\t<\/div>\n\t\t<\/section>\n\t\t\t\t<\/div>\n\t\t","protected":false},"excerpt":{"rendered":"<p>CERTIFICADO DIGITAL PESSOA F\u00cdSICA e-CPF \u00c9 a vers\u00e3o eletr\u00f4nica do CPF (Cadastro de Pessoa F\u00edsica), indicada para pessoas f\u00edsicas e profissionais liberais, como: advogado, agricultor, contador, m\u00e9dico, engenheiro, agr\u00f4nomo, produtor rural, e etc.\u00a0 Modelos de Certificados Digitais e-CPF dispon\u00edveis: e-CPF A1 &#8211; Arquivo Validade 1 ano * Emiss\u00e3o e renova\u00e7\u00e3o pode ser feita por Videoconfer\u00eancia A3 &#8211; Cart\u00e3o Validades at\u00e9 3 anos A3 &#8211; Cart\u00e3o + Leitora Validade at\u00e9 3 anos A3 &#8211; Token Validade at\u00e9 3 anos A3 &#8211; Nuvem Validade 4 meses* Emiss\u00e3o e renova\u00e7\u00e3o pode ser feita por Videoconfer\u00eancia e-CPF Caracter\u00edstica Documentos Necess\u00e1rios Etapas para emiss\u00e3o do Certificado Digital e-CPF Com o Certificado Digital e-CPF \u00e9 poss\u00edvel\u00a0ter acesso para os servi\u00e7os oferecidos pelo Governo Federal na internet, como: \u2022 e-Social \u2013 Sistema de Escritura\u00e7\u00e3o Digital das Obriga\u00e7\u00f5es Fiscais, Previdenci\u00e1rias e Trabalhistas;\u2022 DCTF Web \u2013 Declara\u00e7\u00f5es de D\u00e9bitos e Cr\u00e9ditos Tribut\u00e1rios Federais Previdenci\u00e1rios e de Outras Entidades e Fundos&#8217;;\u2022 SA\u00daDE: DMED \u2013 Declara\u00e7\u00e3o de Servi\u00e7os M\u00e9dicos e de Sa\u00fade, SISREI, TISS;\u2022 SPED \u2013 Sistema P\u00fablico de Escritura\u00e7\u00e3o Digital;\u2022 EFD-Reinf &#8211; Escritura\u00e7\u00e3o Fiscal Digital de Reten\u00e7\u00f5es e Outras Informa\u00e7\u00f5es Fiscais;\u2022 GOVERNO: Empresa Simples, SISCONSIG;\u2022 Receita Federal: CAGED, DACON, DEREX, DIMOB, DIMOF,DIPF, DIRF, DSPJ, e-CAC, IRPF, Homolognet, PERDCOMP,RAIS, SICONFI, SIL;\u2022 SEFAZ: NFA-e;\u2022 MEC: PROUNI;\u2022 Detran: e-CNHsp;\u2022 SPED: ECD, EFD, ECF, eSocial;\u2022 Caixa Econ\u00f4mica: FGTS, e-APS, Conectividade Social ICP;\u2022 Per\u00edcia Judicial;\u2022 Justi\u00e7a: PJ-e, e-DOC, e-PET, e-STJ\u2022 Siscomex (com\u00e9rcio exterior);\u2022 Provis\u00e3o de Procura\u00e7\u00e3o Eletr\u00f4nica;\u2022 Assinatura de e-mails, documentos e contratos digitais daPessoa F\u00edsica, al\u00e9m de Prontu\u00e1rio Eletr\u00f4nico de Paciente(PEP);\u2022 Dentre outros servi\u00e7os. Caracter\u00edstica Certificado Digital e-CPF A1 \u2022 Validade de 1 (um) ano; \u2022 Instalado em seu computador; \u2022 Protegido por uma senha de instala\u00e7\u00e3o; \u2022 Windows 7 ou superior; Certificado Digital e-CPF A3 \u2022 Validade de at\u00e9 3 (tr\u00eas) anos; \u2022 Instalado obrigatoriamente em uma m\u00eddia (Cart\u00e3o, Token ou Nuvem); \u2022 Protegido pela senha de acesso \u00e0 m\u00eddia; Documentos Necess\u00e1rios Documentos Necess\u00e1rios(originais) para emiss\u00e3o do e-CPF: \u2022 C\u00e9dula de Identidade (CI \/ RG \/ DNI), ouCarteira Nacional de Habilita\u00e7\u00e3o (CNH),\u2022 Carteira de Identidade Profissional, emitida por \u00f3rg\u00e3os criados por Lei Federal, tais como: OAB, CRC, CRM, CRO e CREA.\u2022 Passaporte.\u2022 Carteira de Identidade de Estrangeiro (CIE, RNE e CRNM).\u2022 Comprovante de endere\u00e7o residencial atualizado. REQUISITOS: \u2022 Documento de identifica\u00e7\u00e3o com f\u00e9 p\u00fablica em bom estado de conserva\u00e7\u00e3o e que afoto permita a identifica\u00e7\u00e3o do titular.\u2022 CPF &#8211; dispens\u00e1vel se constar no documento de identifica\u00e7\u00e3o.\u2022 C\u00f3pias simples e\/ou c\u00f3pias autenticadas de documentos de identifica\u00e7\u00e3o N\u00c3O S\u00c3O ACEITAS.\u2022 Documentos que possuem prazo de validade precisam estar vigentes (exceto CNH).\u2022 Conforme determinado pela ICP-Brasil, o registro de dados biom\u00e9tricos (foto eimpress\u00f5es digitais) \u00e9 obrigat\u00f3rio e ser\u00e1 realizado durante a valida\u00e7\u00e3o do Certificado Digital.\u2022 Para a sua seguran\u00e7a, se necess\u00e1rio, solicitamos documentos adicionais. Opcionais: \u2022 PIS, PASEP, CAEPF, CEI e T\u00edtulo de Eleitor. Esses documentos s\u00e3o opcionais, por\u00e9m, caso sejam informados na compra do certificado, ser\u00e1 obrigat\u00f3rioapresent\u00e1-los no dia agendado para o atendimento. Etapas para emiss\u00e3o do Certificado Digital Etapas para emiss\u00e3o do Certificado Digital &#8211; Escolha o Tipo do Certificado que melhor atenda a sua necessidade, veja se h\u00e1 restri\u00e7\u00f5es.&#8211; Compre o Certificado&#8211; Agende a valida\u00e7\u00e3o presencial (etapa imprescind\u00edvel)&#8211; Valida\u00e7\u00e3o presencial ou Videoconfer\u00eancia confirma a identidade do solicitante, atrav\u00e9s da confer\u00eancia da documenta\u00e7\u00e3o pessoal apresentada e o registro dos dados biom\u00e9tricos (foto e impress\u00e3o digital).<\/p>\n","protected":false},"author":1,"featured_media":0,"parent":0,"menu_order":0,"comment_status":"closed","ping_status":"closed","template":"elementor_header_footer","meta":{"_joinchat":[],"footnotes":""},"class_list":["post-104","page","type-page","status-publish","hentry"],"_links":{"self":[{"href":"https:\/\/certsoares.com.br\/index.php?rest_route=\/wp\/v2\/pages\/104","targetHints":{"allow":["GET"]}}],"collection":[{"href":"https:\/\/certsoares.com.br\/index.php?rest_route=\/wp\/v2\/pages"}],"about":[{"href":"https:\/\/certsoares.com.br\/index.php?rest_route=\/wp\/v2\/types\/page"}],"author":[{"embeddable":true,"href":"https:\/\/certsoares.com.br\/index.php?rest_route=\/wp\/v2\/users\/1"}],"replies":[{"embeddable":true,"href":"https:\/\/certsoares.com.br\/index.php?rest_route=%2Fwp%2Fv2%2Fcomments&post=104"}],"version-history":[{"count":53,"href":"https:\/\/certsoares.com.br\/index.php?rest_route=\/wp\/v2\/pages\/104\/revisions"}],"predecessor-version":[{"id":441,"href":"https:\/\/certsoares.com.br\/index.php?rest_route=\/wp\/v2\/pages\/104\/revisions\/441"}],"wp:attachment":[{"href":"https:\/\/certsoares.com.br\/index.php?rest_route=%2Fwp%2Fv2%2Fmedia&parent=104"}],"curies":[{"name":"wp","href":"https:\/\/api.w.org\/{rel}","templated":true}]}}